{"id":2,"date":"2024-04-21T22:34:00","date_gmt":"2024-04-21T22:34:00","guid":{"rendered":"https:\/\/incotram.com\/ec\/?page_id=2"},"modified":"2025-09-12T15:09:14","modified_gmt":"2025-09-12T15:09:14","slug":"sample-page","status":"publish","type":"page","link":"https:\/\/incotram.com\/ec\/sample-page\/","title":{"rendered":"AGENTE EN LINEA"},"content":{"rendered":"\n<p><strong>Portal de seguimiento en l\u00ednea<\/strong><\/p>\n\n\n\n<p>Bienvenido\/a. Desde este portal, puede hacer seguimiento en tiempo real al estado de sus tr\u00e1mites.<\/p>\n\n\n\n<p>Para acceder, haga clic en el enlace a continuaci\u00f3n e ingrese su nombre de usuario y contrase\u00f1a<\/p>\n\n\n\n<blockquote class=\"wp-block-quote\">\n<figure class=\"wp-block-image size-large\"><a href=\"https:\/\/incotram.editrade.cl\/EcuaSigad\/index.jsp?ael\" rel=\"https:\/\/incotram.editrade.cl\/EcuaSigad\/index.jsp?ael\"><img loading=\"lazy\" decoding=\"async\" width=\"1024\" height=\"576\" src=\"https:\/\/incotram.com\/ec\/wp-content\/uploads\/2025\/09\/miniatura-thumbnail-para-youtube-de-inteligencia-artificial-con-robot-blanco-gris-y-rojo-1024x576.png\" alt=\"\" class=\"wp-image-202\" srcset=\"https:\/\/incotram.com\/ec\/wp-content\/uploads\/2025\/09\/miniatura-thumbnail-para-youtube-de-inteligencia-artificial-con-robot-blanco-gris-y-rojo-1024x576.png 1024w, https:\/\/incotram.com\/ec\/wp-content\/uploads\/2025\/09\/miniatura-thumbnail-para-youtube-de-inteligencia-artificial-con-robot-blanco-gris-y-rojo-300x169.png 300w, https:\/\/incotram.com\/ec\/wp-content\/uploads\/2025\/09\/miniatura-thumbnail-para-youtube-de-inteligencia-artificial-con-robot-blanco-gris-y-rojo-768x432.png 768w, https:\/\/incotram.com\/ec\/wp-content\/uploads\/2025\/09\/miniatura-thumbnail-para-youtube-de-inteligencia-artificial-con-robot-blanco-gris-y-rojo-320x180.png 320w, https:\/\/incotram.com\/ec\/wp-content\/uploads\/2025\/09\/miniatura-thumbnail-para-youtube-de-inteligencia-artificial-con-robot-blanco-gris-y-rojo.png 1280w\" sizes=\"(max-width: 1024px) 100vw, 1024px\" \/><\/a><\/figure>\n<\/blockquote>\n\n\n\n<p><\/p>\n\n\n\n<div class=\"wp-block-cover\"><span aria-hidden=\"true\" class=\"wp-block-cover__background has-background-dim\"><\/span><div class=\"wp-block-cover__inner-container is-layout-flow wp-block-cover-is-layout-flow\">\n<div class=\"wp-block-group is-vertical is-layout-flex wp-container-core-group-layout-4 wp-block-group-is-layout-flex\">\n<div class=\"wp-block-group is-layout-constrained wp-block-group-is-layout-constrained\">\n<div class=\"wp-block-columns is-layout-flex wp-container-core-columns-layout-4 wp-block-columns-is-layout-flex\">\n<div class=\"wp-block-column is-layout-flow wp-block-column-is-layout-flow\" style=\"flex-basis:100%\">\n<div class=\"wp-block-group is-layout-constrained wp-block-group-is-layout-constrained\">\n<div class=\"wp-block-columns is-layout-flex wp-container-core-columns-layout-3 wp-block-columns-is-layout-flex\">\n<div class=\"wp-block-column is-layout-flow wp-block-column-is-layout-flow\" style=\"flex-basis:100%\">\n<div class=\"wp-block-cover has-custom-content-position is-position-top-left\"><span aria-hidden=\"true\" class=\"wp-block-cover__background has-background-dim\"><\/span><div class=\"wp-block-cover__inner-container is-layout-flow wp-block-cover-is-layout-flow\">\n<div class=\"wp-block-columns is-layout-flex wp-container-core-columns-layout-2 wp-block-columns-is-layout-flex\">\n<div class=\"wp-block-column is-layout-flow wp-block-column-is-layout-flow\" style=\"flex-basis:100%\">\n<div class=\"wp-block-columns is-layout-flex wp-container-core-columns-layout-1 wp-block-columns-is-layout-flex\">\n<div class=\"wp-block-column is-layout-flow wp-block-column-is-layout-flow\" style=\"flex-basis:100%\">\n<div class=\"wp-block-group is-layout-constrained wp-block-group-is-layout-constrained\">\n<figure class=\"wp-block-audio alignright\"><audio controls src=\"https:\/\/drive.google.com\/file\/d\/1Z--A-YV6BOMZbd-XfZ7b-DCtMXdZuW5Q\/view?usp=sharing\"><\/audio><\/figure>\n<\/div>\n<\/div>\n<\/div>\n<\/div>\n<\/div>\n\n\n\n<div class=\"wp-block-media-text is-stacked-on-mobile\"><figure class=\"wp-block-media-text__media\"><img loading=\"lazy\" decoding=\"async\" width=\"1024\" height=\"1024\" src=\"https:\/\/incotram.com\/ec\/wp-content\/uploads\/2025\/09\/Adesivo-circular-para-Playlist-de-DJ-com-disco-preto-1024x1024.png\" alt=\"\" class=\"wp-image-212 size-full\" srcset=\"https:\/\/incotram.com\/ec\/wp-content\/uploads\/2025\/09\/Adesivo-circular-para-Playlist-de-DJ-com-disco-preto-1024x1024.png 1024w, https:\/\/incotram.com\/ec\/wp-content\/uploads\/2025\/09\/Adesivo-circular-para-Playlist-de-DJ-com-disco-preto-300x300.png 300w, https:\/\/incotram.com\/ec\/wp-content\/uploads\/2025\/09\/Adesivo-circular-para-Playlist-de-DJ-com-disco-preto-150x150.png 150w, https:\/\/incotram.com\/ec\/wp-content\/uploads\/2025\/09\/Adesivo-circular-para-Playlist-de-DJ-com-disco-preto-768x768.png 768w, https:\/\/incotram.com\/ec\/wp-content\/uploads\/2025\/09\/Adesivo-circular-para-Playlist-de-DJ-com-disco-preto.png 1181w\" sizes=\"(max-width: 1024px) 100vw, 1024px\" \/><\/figure><div class=\"wp-block-media-text__content\">\n<p class=\"has-text-align-center has-large-font-size\">Potcast manual de uso agente en linea<\/p>\n<\/div><\/div>\n<\/div><\/div>\n<\/div>\n<\/div>\n<\/div>\n<\/div>\n<\/div>\n<\/div>\n<\/div>\n<\/div><\/div>\n","protected":false},"excerpt":{"rendered":"<p>Portal de seguimiento en l\u00ednea Bienvenido\/a. Desde este portal, puede hacer seguimiento en tiempo real al estado de sus tr\u00e1mites. Para acceder, haga clic en el enlace a continuaci\u00f3n e ingrese su nombre de usuario y contrase\u00f1a<\/p>\n","protected":false},"author":1,"featured_media":0,"parent":0,"menu_order":0,"comment_status":"closed","ping_status":"open","template":"","meta":{"footnotes":""},"_links":{"self":[{"href":"https:\/\/incotram.com\/ec\/wp-json\/wp\/v2\/pages\/2"}],"collection":[{"href":"https:\/\/incotram.com\/ec\/wp-json\/wp\/v2\/pages"}],"about":[{"href":"https:\/\/incotram.com\/ec\/wp-json\/wp\/v2\/types\/page"}],"author":[{"embeddable":true,"href":"https:\/\/incotram.com\/ec\/wp-json\/wp\/v2\/users\/1"}],"replies":[{"embeddable":true,"href":"https:\/\/incotram.com\/ec\/wp-json\/wp\/v2\/comments?post=2"}],"version-history":[{"count":8,"href":"https:\/\/incotram.com\/ec\/wp-json\/wp\/v2\/pages\/2\/revisions"}],"predecessor-version":[{"id":219,"href":"https:\/\/incotram.com\/ec\/wp-json\/wp\/v2\/pages\/2\/revisions\/219"}],"wp:attachment":[{"href":"https:\/\/incotram.com\/ec\/wp-json\/wp\/v2\/media?parent=2"}],"curies":[{"name":"wp","href":"https:\/\/api.w.org\/{rel}","templated":true}]}}