{"id":24,"date":"2024-04-21T22:53:43","date_gmt":"2024-04-21T22:53:43","guid":{"rendered":"https:\/\/incotram.com\/ec\/?page_id=24"},"modified":"2025-09-12T16:32:02","modified_gmt":"2025-09-12T16:32:02","slug":"home","status":"publish","type":"page","link":"https:\/\/incotram.com\/ec\/","title":{"rendered":"HOME"},"content":{"rendered":"\n<div class=\"wp-block-columns is-layout-flex wp-container-core-columns-layout-1 wp-block-columns-is-layout-flex\">\n<div class=\"wp-block-column is-layout-flow wp-block-column-is-layout-flow\">\n<figure class=\"wp-block-gallery has-nested-images columns-default is-cropped wp-block-gallery-1 is-layout-flex wp-block-gallery-is-layout-flex\">\n<figure class=\"wp-block-image size-full\"><img loading=\"lazy\" decoding=\"async\" width=\"940\" height=\"788\" src=\"https:\/\/incotram.com\/ec\/wp-content\/uploads\/2024\/04\/Azul-Oscuro-Foto-Agenda-Financiera-Nuevo-Contenido-Servicios-Profesionales-Publicacion-de-Facebook.png\" alt=\"\" class=\"wp-image-60\" srcset=\"https:\/\/incotram.com\/ec\/wp-content\/uploads\/2024\/04\/Azul-Oscuro-Foto-Agenda-Financiera-Nuevo-Contenido-Servicios-Profesionales-Publicacion-de-Facebook.png 940w, https:\/\/incotram.com\/ec\/wp-content\/uploads\/2024\/04\/Azul-Oscuro-Foto-Agenda-Financiera-Nuevo-Contenido-Servicios-Profesionales-Publicacion-de-Facebook-300x251.png 300w, https:\/\/incotram.com\/ec\/wp-content\/uploads\/2024\/04\/Azul-Oscuro-Foto-Agenda-Financiera-Nuevo-Contenido-Servicios-Profesionales-Publicacion-de-Facebook-768x644.png 768w\" sizes=\"(max-width: 940px) 100vw, 940px\" \/><\/figure>\n<\/figure>\n\n\n\n<h5 class=\"wp-block-heading\" id=\"vk-blocks\" style=\"margin-top:1.5rem;margin-bottom:1rem\">IMPORTACIONES<\/h5>\n\n\n\n<p>Nos complace ofrecerte una asistencia completa y refinada en cada fase del proceso de importaci\u00f3n. Desde el minucioso an\u00e1lisis del producto y sus requisitos hasta la detallada evaluaci\u00f3n de costos y otros aspectos esenciales, nuestro compromiso es brindarte un acompa\u00f1amiento excepcional y personalizado que garantice una experiencia fluida y exitosa en tu operaci\u00f3n de importaci\u00f3n<\/p>\n\n\n\n<div class=\"wp-block-buttons is-layout-flex wp-block-buttons-is-layout-flex\">\n<div class=\"wp-block-button has-custom-font-size is-style-outline has-small-font-size\"><a class=\"wp-block-button__link wp-element-button\" href=\"\" style=\"padding-top:0.3em;padding-right:1em;padding-bottom:0.3em;padding-left:1em\">Leer m\u00e1s<\/a><\/div>\n<\/div>\n\n\n\n<div style=\"height:30px\" aria-hidden=\"true\" class=\"wp-block-spacer\"><\/div>\n<\/div>\n\n\n\n<div class=\"wp-block-column is-layout-flow wp-block-column-is-layout-flow\">\n<figure class=\"wp-block-image size-full\"><img loading=\"lazy\" decoding=\"async\" width=\"940\" height=\"788\" src=\"https:\/\/incotram.com\/ec\/wp-content\/uploads\/2024\/04\/Azul-Oscuro-Foto-Agenda-Financiera-Nuevo-Contenido-Servicios-Profesionales-Publicacion-de-Facebook-1.png\" alt=\"\" class=\"wp-image-62\" srcset=\"https:\/\/incotram.com\/ec\/wp-content\/uploads\/2024\/04\/Azul-Oscuro-Foto-Agenda-Financiera-Nuevo-Contenido-Servicios-Profesionales-Publicacion-de-Facebook-1.png 940w, https:\/\/incotram.com\/ec\/wp-content\/uploads\/2024\/04\/Azul-Oscuro-Foto-Agenda-Financiera-Nuevo-Contenido-Servicios-Profesionales-Publicacion-de-Facebook-1-300x251.png 300w, https:\/\/incotram.com\/ec\/wp-content\/uploads\/2024\/04\/Azul-Oscuro-Foto-Agenda-Financiera-Nuevo-Contenido-Servicios-Profesionales-Publicacion-de-Facebook-1-768x644.png 768w\" sizes=\"(max-width: 940px) 100vw, 940px\" \/><\/figure>\n\n\n\n<h5 class=\"wp-block-heading\" id=\"vk-blocks\" style=\"margin-top:1.5rem;margin-bottom:1rem\">EXPORTACIONES<\/h5>\n\n\n\n<p>Descubre el mundo de oportunidades que te ofrece nuestro servicio de exportaci\u00f3n! En cada env\u00edo, llevamos tus productos m\u00e1s all\u00e1 de las fronteras nacionales, abriendo puertas a nuevos mercados y expandiendo tu alcance global. Con nuestra dedicaci\u00f3n y experiencia, garantizamos una exportaci\u00f3n fluida y exitosa de tus bienes y servicios a destinos internacionales. <\/p>\n\n\n\n<div class=\"wp-block-buttons is-layout-flex wp-block-buttons-is-layout-flex\">\n<div class=\"wp-block-button has-custom-font-size is-style-outline has-small-font-size\"><a class=\"wp-block-button__link wp-element-button\" href=\"\" style=\"padding-top:0.3em;padding-right:1em;padding-bottom:0.3em;padding-left:1em\">Leer m\u00e1s<\/a><\/div>\n<\/div>\n\n\n\n<div style=\"height:30px\" aria-hidden=\"true\" class=\"wp-block-spacer\"><\/div>\n<\/div>\n\n\n\n<div class=\"wp-block-column is-layout-flow wp-block-column-is-layout-flow\">\n<figure class=\"wp-block-image size-full\"><img loading=\"lazy\" decoding=\"async\" width=\"940\" height=\"788\" src=\"https:\/\/incotram.com\/ec\/wp-content\/uploads\/2024\/04\/Azul-Oscuro-Foto-Agenda-Financiera-Nuevo-Contenido-Servicios-Profesionales-Publicacion-de-Facebook-9.png\" alt=\"\" class=\"wp-image-63\" srcset=\"https:\/\/incotram.com\/ec\/wp-content\/uploads\/2024\/04\/Azul-Oscuro-Foto-Agenda-Financiera-Nuevo-Contenido-Servicios-Profesionales-Publicacion-de-Facebook-9.png 940w, https:\/\/incotram.com\/ec\/wp-content\/uploads\/2024\/04\/Azul-Oscuro-Foto-Agenda-Financiera-Nuevo-Contenido-Servicios-Profesionales-Publicacion-de-Facebook-9-300x251.png 300w, https:\/\/incotram.com\/ec\/wp-content\/uploads\/2024\/04\/Azul-Oscuro-Foto-Agenda-Financiera-Nuevo-Contenido-Servicios-Profesionales-Publicacion-de-Facebook-9-768x644.png 768w\" sizes=\"(max-width: 940px) 100vw, 940px\" \/><\/figure>\n\n\n\n<h5 class=\"wp-block-heading\" id=\"vk-blocks\" style=\"margin-top:1.5rem;margin-bottom:1rem\">GESTI\u00d3N LOG\u00cdSTICA<\/h5>\n\n\n\n<p>En el coraz\u00f3n de toda operaci\u00f3n comercial exitosa se encuentra una gesti\u00f3n log\u00edstica impecable. \u00a1D\u00e9janos ser el motor que impulsa tu cadena de suministro hacia el \u00e9xito! Nuestro equipo especializado en gesti\u00f3n log\u00edstica est\u00e1 aqu\u00ed para planificar y ejecutar sistemas eficientes que aseguren la entrega puntual y sin contratiempos de tus productos, desde la l\u00ednea de producci\u00f3n hasta las manos de tus clientes. <\/p>\n\n\n\n<div class=\"wp-block-buttons is-layout-flex wp-block-buttons-is-layout-flex\">\n<div class=\"wp-block-button has-custom-font-size is-style-outline has-small-font-size\"><a class=\"wp-block-button__link wp-element-button\" href=\"\" style=\"padding-top:0.3em;padding-right:1em;padding-bottom:0.3em;padding-left:1em\">Leer m\u00e1s<\/a><\/div>\n<\/div>\n\n\n\n<div style=\"height:30px\" aria-hidden=\"true\" class=\"wp-block-spacer\"><\/div>\n<\/div>\n<\/div>\n\n\n\n<div class=\"wp-block-cover alignfull is-light\" style=\"min-height:250px\"><span aria-hidden=\"true\" class=\"wp-block-cover__background has-background-dim-100 has-background-dim\" style=\"background-color:#f3f3f3\"><\/span><div class=\"wp-block-cover__inner-container is-layout-flow wp-block-cover-is-layout-flow\">\n<div style=\"height:40px\" aria-hidden=\"true\" class=\"wp-block-spacer\"><\/div>\n\n\n\n<div class=\"wp-block-columns are-vertically-aligned-center is-layout-flex wp-container-core-columns-layout-2 wp-block-columns-is-layout-flex\">\n<div class=\"wp-block-column is-vertically-aligned-center is-layout-flow wp-block-column-is-layout-flow\" style=\"flex-basis:33.33%\">\n<figure class=\"wp-block-image aligncenter size-full\"><img loading=\"lazy\" decoding=\"async\" width=\"356\" height=\"309\" src=\"https:\/\/incotram.com\/ec\/wp-content\/uploads\/2024\/04\/logo-BASC.png\" alt=\"\" class=\"wp-image-78\" srcset=\"https:\/\/incotram.com\/ec\/wp-content\/uploads\/2024\/04\/logo-BASC.png 356w, https:\/\/incotram.com\/ec\/wp-content\/uploads\/2024\/04\/logo-BASC-300x260.png 300w\" sizes=\"(max-width: 356px) 100vw, 356px\" \/><\/figure>\n<\/div>\n\n\n\n<div class=\"wp-block-column is-vertically-aligned-center is-layout-flow wp-block-column-is-layout-flow\" style=\"flex-basis:66.66%\">\n<h4 class=\"wp-block-heading has-black-color has-text-color\">Nuestras Certificaciones     ECUU1O00482-1-4<\/h4>\n\n\n\n<p class=\"has-black-color has-text-color\">Nuestra certificaci\u00f3n BASC garantiza los m\u00e1s altos est\u00e1ndares de seguridad y cumplimiento en cada paso de tu cadena de suministro. Con nosotros, puedes estar seguro de que tus productos son manejados y transportados de manera segura y confiable, cumpliendo con las regulaciones m\u00e1s exigentes. Protege tu negocio y tranquiliza a tus clientes al elegirnos como tu aliado log\u00edstico BASC certificado. \u00a1Haz de la seguridad tu prioridad y elige la excelencia en log\u00edstica con nosotros!\"<\/p>\n<\/div>\n<\/div>\n<\/div><\/div>\n\n\n\n<div style=\"height:60px\" aria-hidden=\"true\" class=\"wp-block-spacer\"><\/div>\n\n\n\n<h2 class=\"wp-block-heading\">NOTICIAS &amp; Informacion Aduanera<\/h2>\n\n\n\n<h1 class=\"wp-block-heading\"><strong>LA NUEVA ADUANA DEL ECUADOR HACE CUMPLIR LA IMPLEMENTACI\u00d3N DE ESCANNERS EN LOS DEP\u00d3SITOS TEMPORALES<\/strong>  \/<strong>Fecha: 16 abril, 2024<\/strong><\/h1>\n\n\n\n<figure class=\"wp-block-image size-large is-resized\"><img loading=\"lazy\" decoding=\"async\" width=\"819\" height=\"1024\" src=\"https:\/\/incotram.com\/ec\/wp-content\/uploads\/2024\/04\/COMUNICADO_EINI-UNO--819x1024.jpg\" alt=\"\" class=\"wp-image-68\" style=\"width:819px;height:auto\" srcset=\"https:\/\/incotram.com\/ec\/wp-content\/uploads\/2024\/04\/COMUNICADO_EINI-UNO--819x1024.jpg 819w, https:\/\/incotram.com\/ec\/wp-content\/uploads\/2024\/04\/COMUNICADO_EINI-UNO--240x300.jpg 240w, https:\/\/incotram.com\/ec\/wp-content\/uploads\/2024\/04\/COMUNICADO_EINI-UNO--768x960.jpg 768w, https:\/\/incotram.com\/ec\/wp-content\/uploads\/2024\/04\/COMUNICADO_EINI-UNO-.jpg 1080w\" sizes=\"(max-width: 819px) 100vw, 819px\" \/><\/figure>\n\n\n\n<figure class=\"wp-block-image size-large\"><img loading=\"lazy\" decoding=\"async\" width=\"819\" height=\"1024\" src=\"https:\/\/incotram.com\/ec\/wp-content\/uploads\/2024\/04\/COMUNICADO_EINI-DOS--819x1024.jpg\" alt=\"\" class=\"wp-image-69\" srcset=\"https:\/\/incotram.com\/ec\/wp-content\/uploads\/2024\/04\/COMUNICADO_EINI-DOS--819x1024.jpg 819w, https:\/\/incotram.com\/ec\/wp-content\/uploads\/2024\/04\/COMUNICADO_EINI-DOS--240x300.jpg 240w, https:\/\/incotram.com\/ec\/wp-content\/uploads\/2024\/04\/COMUNICADO_EINI-DOS--768x960.jpg 768w, https:\/\/incotram.com\/ec\/wp-content\/uploads\/2024\/04\/COMUNICADO_EINI-DOS-.jpg 1080w\" sizes=\"(max-width: 819px) 100vw, 819px\" \/><\/figure>\n","protected":false},"excerpt":{"rendered":"<p>IMPORTACIONES Nos complace ofrecerte una asistencia completa y refinada en cada fase del proceso de importaci\u00f3n. Desde el minucioso an\u00e1lisis del producto y sus requisitos hasta la detallada evaluaci\u00f3n de costos y otros aspectos esenciales, nuestro compromiso es brindarte un acompa\u00f1amiento excepcional y personalizado que garantice una experiencia fluida y exitosa en tu operaci\u00f3n de [&hellip;]<\/p>\n","protected":false},"author":1,"featured_media":0,"parent":0,"menu_order":0,"comment_status":"closed","ping_status":"closed","template":"","meta":{"footnotes":""},"_links":{"self":[{"href":"https:\/\/incotram.com\/ec\/wp-json\/wp\/v2\/pages\/24"}],"collection":[{"href":"https:\/\/incotram.com\/ec\/wp-json\/wp\/v2\/pages"}],"about":[{"href":"https:\/\/incotram.com\/ec\/wp-json\/wp\/v2\/types\/page"}],"author":[{"embeddable":true,"href":"https:\/\/incotram.com\/ec\/wp-json\/wp\/v2\/users\/1"}],"replies":[{"embeddable":true,"href":"https:\/\/incotram.com\/ec\/wp-json\/wp\/v2\/comments?post=24"}],"version-history":[{"count":5,"href":"https:\/\/incotram.com\/ec\/wp-json\/wp\/v2\/pages\/24\/revisions"}],"predecessor-version":[{"id":220,"href":"https:\/\/incotram.com\/ec\/wp-json\/wp\/v2\/pages\/24\/revisions\/220"}],"wp:attachment":[{"href":"https:\/\/incotram.com\/ec\/wp-json\/wp\/v2\/media?parent=24"}],"curies":[{"name":"wp","href":"https:\/\/api.w.org\/{rel}","templated":true}]}}