{"id":25,"date":"2024-04-21T22:53:43","date_gmt":"2024-04-21T22:53:43","guid":{"rendered":"https:\/\/incotram.com\/ec\/?page_id=25"},"modified":"2024-04-22T18:40:29","modified_gmt":"2024-04-22T18:40:29","slug":"acerca-de","status":"publish","type":"page","link":"https:\/\/incotram.com\/ec\/acerca-de\/","title":{"rendered":"Qui\u00e9nes Somos"},"content":{"rendered":"\n<p>Somos un equipo de agentes aduaneros con una experiencia combinada de m\u00e1s de 52 a\u00f1os en el sector. Nos especializamos en proporcionar servicios de importaci\u00f3n y exportaci\u00f3n de alta calidad. Nuestra trayectoria nos ha permitido perfeccionar nuestras habilidades y conocimientos, convirti\u00e9ndonos en expertos en el manejo eficiente de los procesos aduaneros. Estamos comprometidos a ofrecer soluciones personalizadas y efectivas para cada cliente, garantizando un flujo comercial sin problemas. En resumen, somos profesionales confiables y capacitados que se esfuerzan <em>por brindar un servicio excepcional en el campo aduanero<\/em>.<\/p>\n\n\n\n<figure class=\"wp-block-image size-large\"><img loading=\"lazy\" decoding=\"async\" width=\"1024\" height=\"323\" src=\"https:\/\/incotram.com\/ec\/wp-content\/uploads\/2024\/04\/123-456-7890-4-1024x323.png\" alt=\"\" class=\"wp-image-81\" srcset=\"https:\/\/incotram.com\/ec\/wp-content\/uploads\/2024\/04\/123-456-7890-4-1024x323.png 1024w, https:\/\/incotram.com\/ec\/wp-content\/uploads\/2024\/04\/123-456-7890-4-300x95.png 300w, https:\/\/incotram.com\/ec\/wp-content\/uploads\/2024\/04\/123-456-7890-4-768x243.png 768w, https:\/\/incotram.com\/ec\/wp-content\/uploads\/2024\/04\/123-456-7890-4-1536x485.png 1536w, https:\/\/incotram.com\/ec\/wp-content\/uploads\/2024\/04\/123-456-7890-4.png 1900w\" sizes=\"(max-width: 1024px) 100vw, 1024px\" \/><\/figure>\n\n\n\n<h2 class=\"wp-block-heading\">MISI\u00d3N Y VISI\u00d3N<\/h2>\n\n\n\n<p><strong>VISI\u00d3N<\/strong><\/p>\n\n\n\n<p class=\"has-black-color has-text-color has-link-color has-regular-font-size wp-elements-cf921f3fe33dc931d72c35b3e633fcc8\">Promover un crecimiento constante y rentable, para hacer de Incotram una empresa l\u00edder en el sector aduanero, entregando a nuestros clientes un servicio eficiente mediante el uso de tecnolog\u00eda de vanguardia y de buenas pr\u00e1cticas empresariales en el territorio nacional e internacional&nbsp;&nbsp;.<\/p>\n\n\n\n<p><strong>\u00a1VISUALIZAMOS EL EXITO!<\/strong><\/p>\n\n\n\n<p><strong>MIS<\/strong><strong>I\u00d3N<\/strong><\/p>\n\n\n\n<p>&nbsp; &nbsp;&nbsp; Ser una empresa que brinda soluciones de comercio exterior y log\u00edstica, reconocida por su servicio de calidad y atenci\u00f3n personalizada; trabajando en mejora continua, enfocada en procesos integrales y rentables que impulsen nuestro \u00e9xito..<\/p>\n\n\n\n<p><strong>LA PASION DE SERVIR ...<\/strong><\/p>\n","protected":false},"excerpt":{"rendered":"<p>Somos un equipo de agentes aduaneros con una experiencia combinada de m\u00e1s de 52 a\u00f1os en el sector. Nos especializamos en proporcionar servicios de importaci\u00f3n y exportaci\u00f3n de alta calidad. Nuestra trayectoria nos ha permitido perfeccionar nuestras habilidades y conocimientos, convirti\u00e9ndonos en expertos en el manejo eficiente de los procesos aduaneros. Estamos comprometidos a ofrecer [&hellip;]<\/p>\n","protected":false},"author":1,"featured_media":0,"parent":0,"menu_order":0,"comment_status":"closed","ping_status":"closed","template":"","meta":{"footnotes":""},"_links":{"self":[{"href":"https:\/\/incotram.com\/ec\/wp-json\/wp\/v2\/pages\/25"}],"collection":[{"href":"https:\/\/incotram.com\/ec\/wp-json\/wp\/v2\/pages"}],"about":[{"href":"https:\/\/incotram.com\/ec\/wp-json\/wp\/v2\/types\/page"}],"author":[{"embeddable":true,"href":"https:\/\/incotram.com\/ec\/wp-json\/wp\/v2\/users\/1"}],"replies":[{"embeddable":true,"href":"https:\/\/incotram.com\/ec\/wp-json\/wp\/v2\/comments?post=25"}],"version-history":[{"count":7,"href":"https:\/\/incotram.com\/ec\/wp-json\/wp\/v2\/pages\/25\/revisions"}],"predecessor-version":[{"id":150,"href":"https:\/\/incotram.com\/ec\/wp-json\/wp\/v2\/pages\/25\/revisions\/150"}],"wp:attachment":[{"href":"https:\/\/incotram.com\/ec\/wp-json\/wp\/v2\/media?parent=25"}],"curies":[{"name":"wp","href":"https:\/\/api.w.org\/{rel}","templated":true}]}}